{"id":40,"date":"2018-01-12T10:37:51","date_gmt":"2018-01-12T10:37:51","guid":{"rendered":"http:\/\/akyuzyapidekor.com\/?page_id=40"},"modified":"2022-10-07T02:54:27","modified_gmt":"2022-10-07T02:54:27","slug":"hizmetlerimiz","status":"publish","type":"page","link":"https:\/\/akyuzyapidekor.com\/en\/hizmetlerimiz\/","title":{"rendered":"Hizmetlerimiz"},"content":{"rendered":"<div class=\"vc_row wpb_row vc_row-fluid shape_divider_top-none shape_divider_bottom-none\"><div class=\"wpb_column vc_column_container vc_col-sm-12 sc_layouts_column_icons_position_left\"><div class=\"vc_column-inner\"><div class=\"wpb_wrapper\"><div id=\"sc_services_249097770\" class=\"sc_services sc_services_light sc_services_featured_top\"><h2 class=\"sc_item_title sc_services_title sc_align_center sc_item_title_style_default\">Sundu\u011fumuz T\u00fcm Hizmetler<\/h2><div class=\"sc_services_columns_wrap sc_item_columns sc_item_posts_container sc_item_columns_3 trx_addons_columns_wrap columns_padding_bottom\"><div class=\"trx_addons_column-1_3\"><div class=\"sc_services_item no_links with_content with_number sc_services_item_featured_top post-217 cpt_services type-cpt_services status-publish has-post-thumbnail hentry cpt_services_group-type-of-storage\">\r\n\t<span class=\"sc_services_item_number\">01<\/span>\t\r\n\t<div class=\"sc_services_item_info\">\r\n\t\t<div class=\"sc_services_item_header\"><div class=\"sc_services_item_subtitle\"><a href=\"https:\/\/akyuzyapidekor.com\/en\/services_group\/type-of-storage\/\" title=\"View all posts in Type of storage\">Type of storage<\/a><\/div>\t\t\t<h4 class=\"sc_services_item_title\"><a href=\"https:\/\/akyuzyapidekor.com\/en\/services\/gizli-isik\/\">Gizli I\u015f\u0131k<\/a><\/h4><\/div><div class=\"sc_services_item_content\"><p>Tavana yap\u0131lan \u00f6zel uygulamalar sayesinde \u0131\u015f\u0131klar\u0131n gizlenece\u011fi ve ortam ambians\u0131n\u0131 de\u011fi\u015ftiren alanlar olu\u015fturulur.<\/p>\n<\/div><div class=\"sc_services_item_button sc_item_button\"><a href=\"https:\/\/akyuzyapidekor.com\/en\/services\/gizli-isik\/\" class=\"sc_button sc_button_simple\">Daha Fazla<\/a><\/div><\/div>\r\n<\/div><\/div><div class=\"trx_addons_column-1_3\"><div class=\"sc_services_item no_links with_content with_number sc_services_item_featured_top post-216 cpt_services type-cpt_services status-publish has-post-thumbnail hentry cpt_services_group-type-of-storage\">\r\n\t<span class=\"sc_services_item_number\">02<\/span>\t\r\n\t<div class=\"sc_services_item_info\">\r\n\t\t<div class=\"sc_services_item_header\"><div class=\"sc_services_item_subtitle\"><a href=\"https:\/\/akyuzyapidekor.com\/en\/services_group\/type-of-storage\/\" title=\"View all posts in Type of storage\">Type of storage<\/a><\/div>\t\t\t<h4 class=\"sc_services_item_title\"><a href=\"https:\/\/akyuzyapidekor.com\/en\/services\/asma-tavan\/\">Asma Tavan<\/a><\/h4><\/div><div class=\"sc_services_item_content\"><p>al\u00e7\u0131pan asma tavan sistemleri, al\u00e7\u0131pan ya da dekoratif paneller ya\u015fam alanlar\u0131n\u0131za ferahl\u0131k ve \u015f\u0131kl\u0131k katmaktad\u0131r.<\/p>\n<\/div><div class=\"sc_services_item_button sc_item_button\"><a href=\"https:\/\/akyuzyapidekor.com\/en\/services\/asma-tavan\/\" class=\"sc_button sc_button_simple\">Daha Fazla<\/a><\/div><\/div>\r\n<\/div><\/div><div class=\"trx_addons_column-1_3\"><div class=\"sc_services_item no_links with_content with_number sc_services_item_featured_top post-215 cpt_services type-cpt_services status-publish has-post-thumbnail hentry cpt_services_group-type-of-storage\">\r\n\t<span class=\"sc_services_item_number\">03<\/span>\t\r\n\t<div class=\"sc_services_item_info\">\r\n\t\t<div class=\"sc_services_item_header\"><div class=\"sc_services_item_subtitle\"><a href=\"https:\/\/akyuzyapidekor.com\/en\/services_group\/type-of-storage\/\" title=\"View all posts in Type of storage\">Type of storage<\/a><\/div>\t\t\t<h4 class=\"sc_services_item_title\"><a href=\"https:\/\/akyuzyapidekor.com\/en\/services\/bolme-duvar\/\">B\u00f6lme Duvar<\/a><\/h4><\/div><div class=\"sc_services_item_content\"><p>Al\u00e7\u0131pan b\u00f6lme duvar binalara \u0131s\u0131, ses, su ve yang\u0131n dayan\u0131m\u0131n\u0131 art\u0131rmak ve dekoratif bir g\u00f6r\u00fcn\u00fcm elde etmek i\u00e7in yap\u0131lmaktad\u0131r.<\/p>\n<\/div><div class=\"sc_services_item_button sc_item_button\"><a href=\"https:\/\/akyuzyapidekor.com\/en\/services\/bolme-duvar\/\" class=\"sc_button sc_button_simple\">Daha Fazla<\/a><\/div><\/div>\r\n<\/div><\/div><\/div><\/div><!-- \/.sc_services --><\/div><\/div><\/div><\/div><div class=\"vc_row wpb_row vc_row-fluid shape_divider_top-none shape_divider_bottom-none\"><div class=\"wpb_column vc_column_container vc_col-sm-12 vc_col-md-offset-2 vc_col-md-8 sc_layouts_column_icons_position_left\"><div class=\"vc_column-inner\"><div class=\"wpb_wrapper\"><div class=\"vc_empty_space  sc_height_huge\"   style=\"height: 32px\"><span class=\"vc_empty_space_inner\"><\/span><\/div><\/div><\/div><\/div><\/div>","protected":false},"excerpt":{"rendered":"Al\u00e7\u0131pan b\u00f6lme duvar, binalar\u0131n duvarlar\u0131na standartlara uygun al\u00e7\u0131 levhalar\u0131n, metal konstr\u00fcksiyon \u00fczerine vida ile tutturulmas\u0131 ile yap\u0131lan duvar uygulamalar\u0131na al\u00e7\u0131pan b\u00f6lme duvar denilmektedir. Al\u00e7\u0131pan b\u00f6lme duvar binalara \u0131s\u0131, ses, su ve yang\u0131n dayan\u0131m\u0131n\u0131 art\u0131rmak ve dekoratif bir g\u00f6r\u00fcn\u00fcm elde etmek i\u00e7in yap\u0131lmaktad\u0131r. Neden Al\u00e7\u0131pan B\u00f6lme Duvar? Al\u00e7\u0131pan b\u00f6lme duvar' \u0131n ph de\u011feri insan v\u00fccuduyla ayn\u0131d\u0131r; bakteri \u00fcretmez. Al\u00e7\u0131pan b\u00f6lme duvar yang\u0131na dayan\u0131kl\u0131d\u0131r. Tek kaplama yap\u0131larak olu\u015fturulan 7.5 cm geni\u015fli\u011findeki en basit Al\u00e7\u0131pan b\u00f6lme duvar yang\u0131na 30dk. dayan\u0131kl\u0131d\u0131r. Al\u00e7\u0131pan b\u00f6lme duvar esnektir. Deprem s\u0131ras\u0131nda esneyebilen yap\u0131s\u0131 sayesinde patlamaz ve y\u0131k\u0131lmaz. Al\u00e7\u0131pan b\u00f6lme duvar hafiftir, 1m boyaya haz\u0131r Al\u00e7\u0131pan b\u00f6lme duvar tu\u011fla&hellip;","protected":false},"author":1,"featured_media":0,"parent":0,"menu_order":0,"comment_status":"closed","ping_status":"closed","template":"","meta":[],"_links":{"self":[{"href":"https:\/\/akyuzyapidekor.com\/en\/wp-json\/wp\/v2\/pages\/40"}],"collection":[{"href":"https:\/\/akyuzyapidekor.com\/en\/wp-json\/wp\/v2\/pages"}],"about":[{"href":"https:\/\/akyuzyapidekor.com\/en\/wp-json\/wp\/v2\/types\/page"}],"author":[{"embeddable":true,"href":"https:\/\/akyuzyapidekor.com\/en\/wp-json\/wp\/v2\/users\/1"}],"replies":[{"embeddable":true,"href":"https:\/\/akyuzyapidekor.com\/en\/wp-json\/wp\/v2\/comments?post=40"}],"version-history":[{"count":5,"href":"https:\/\/akyuzyapidekor.com\/en\/wp-json\/wp\/v2\/pages\/40\/revisions"}],"predecessor-version":[{"id":951,"href":"https:\/\/akyuzyapidekor.com\/en\/wp-json\/wp\/v2\/pages\/40\/revisions\/951"}],"wp:attachment":[{"href":"https:\/\/akyuzyapidekor.com\/en\/wp-json\/wp\/v2\/media?parent=40"}],"curies":[{"name":"wp","href":"https:\/\/api.w.org\/{rel}","templated":true}]}}