{"id":35,"date":"2018-01-12T10:36:50","date_gmt":"2018-01-12T10:36:50","guid":{"rendered":"http:\/\/akyuzyapidekor.com\/?page_id=35"},"modified":"2022-10-07T02:50:56","modified_gmt":"2022-10-07T02:50:56","slug":"hakkimizda","status":"publish","type":"page","link":"https:\/\/akyuzyapidekor.com\/en\/hakkimizda\/","title":{"rendered":"Hakk\u0131m\u0131zda"},"content":{"rendered":"<div data-vc-full-width=\"true\" data-vc-full-width-init=\"false\" class=\"vc_row wpb_row vc_row-fluid vc_custom_1516111370935 vc_row-has-fill shape_divider_top-none shape_divider_bottom-none\"><div class=\"wpb_column vc_column_container vc_col-sm-12 sc_layouts_column_icons_position_left\"><div class=\"vc_column-inner\"><div class=\"wpb_wrapper\"><div class=\"vc_empty_space  vc_custom_1526391411888 sc_height_huge\"   style=\"height: 32px\"><span class=\"vc_empty_space_inner\"><\/span><\/div><\/div><\/div><\/div><div class=\"wpb_column vc_column_container vc_col-sm-12 vc_col-md-6 sc_layouts_column_icons_position_left\"><div class=\"vc_column-inner\"><div class=\"wpb_wrapper\"><div id=\"sc_title_412790549\"\r\n\t\tclass=\"sc_title sc_title_default\"><h2 class=\"sc_item_title sc_title_title sc_align_left sc_item_title_style_default\">Ya\u015fam Alanlar\u0131n\u0131za De\u011fer Kat\u0131yoruz<\/h2><div class=\"sc_item_descr sc_title_descr sc_align_left\"><p>Her ge\u00e7en g\u00fcn ya\u015fam alanlar\u0131n\u0131z\u0131n artan onar\u0131m tadilat ve yenileme ihtiya\u00e7lar\u0131n\u0131z i\u00e7in, t\u00fcm bu i\u015fleri sizin i\u00e7in do\u011fru fiyata en h\u0131zl\u0131 \u015fekilde kar\u015f\u0131layaca\u011f\u0131m\u0131z\u0131 biliyoruz. Dekorasyon veya onar\u0131m ama\u00e7l\u0131 olsun t\u00fcm tamirat tadilat veya yenileme i\u015fleriniz i\u00e7in ideal olarak yap\u0131land\u0131r\u0131lm\u0131\u015f hizmetimiz, size m\u00fckemmel sonu\u00e7lar sunarak ya\u015fam alanlar\u0131n\u0131za de\u011fer katar...<\/p>\n<\/div><div class=\"sc_item_button sc_button_wrap sc_align_left\"><a href=\"\/\/akyuzyapidekor.com\/en\/contacts\/\" id=\"sc_button_918944773\" class=\"sc_button sc_button_simple sc_item_button sc_item_button_simple sc_title_button sc_button_size_normal sc_button_icon_left\"><span class=\"sc_button_text\"><span class=\"sc_button_title\">\u0130leti\u015fim Bilgilerimiz<\/span><\/span><!-- \/.sc_button_text --><\/a><!-- \/.sc_button --><\/div><!-- \/.sc_item_button --><\/div><!-- \/.sc_title --><\/div><\/div><\/div><div class=\"wpb_column vc_column_container vc_col-sm-12 vc_hidden-lg vc_hidden-md sc_layouts_column_icons_position_left\"><div class=\"vc_column-inner\"><div class=\"wpb_wrapper\"><div class=\"vc_empty_space  sc_height_huge\"   style=\"height: 32px\"><span class=\"vc_empty_space_inner\"><\/span><\/div><\/div><\/div><\/div><div class=\"wpb_column vc_column_container vc_col-sm-12 vc_col-md-offset-1 vc_col-md-5 sc_layouts_column_icons_position_left\"><div class=\"vc_column-inner\"><div class=\"wpb_wrapper\">\n\t<div  class=\"wpb_single_image wpb_content_element vc_align_center\">\n\t\t\n\t\t<figure class=\"wpb_wrapper vc_figure\">\n\t\t\t<div class=\"vc_single_image-wrapper   vc_box_border_grey\"><img width=\"471\" height=\"470\" src=\"https:\/\/akyuzyapidekor.com\/wp-content\/uploads\/2018\/01\/image-9-copyright.jpg\" class=\"vc_single_image-img attachment-full\" alt=\"\" loading=\"lazy\" title=\"image-9-copyright\" srcset=\"https:\/\/akyuzyapidekor.com\/wp-content\/uploads\/2018\/01\/image-9-copyright.jpg 471w, https:\/\/akyuzyapidekor.com\/wp-content\/uploads\/2018\/01\/image-9-copyright-150x150.jpg 150w, https:\/\/akyuzyapidekor.com\/wp-content\/uploads\/2018\/01\/image-9-copyright-300x300.jpg 300w, https:\/\/akyuzyapidekor.com\/wp-content\/uploads\/2018\/01\/image-9-copyright-370x370.jpg 370w, https:\/\/akyuzyapidekor.com\/wp-content\/uploads\/2018\/01\/image-9-copyright-180x180.jpg 180w, https:\/\/akyuzyapidekor.com\/wp-content\/uploads\/2018\/01\/image-9-copyright-360x360.jpg 360w\" sizes=\"(max-width: 471px) 100vw, 471px\" \/><\/div>\n\t\t<\/figure>\n\t<\/div>\n<\/div><\/div><\/div><div class=\"wpb_column vc_column_container vc_col-sm-12 sc_layouts_column_icons_position_left\"><div class=\"vc_column-inner\"><div class=\"wpb_wrapper\"><div class=\"vc_empty_space  sc_height_huge\"   style=\"height: 32px\"><span class=\"vc_empty_space_inner\"><\/span><\/div><\/div><\/div><\/div><\/div><div class=\"vc_row-full-width vc_clearfix\"><\/div><div class=\"vc_row wpb_row vc_row-fluid shape_divider_top-none shape_divider_bottom-none\"><div class=\"wpb_column vc_column_container vc_col-sm-12 sc_layouts_column_icons_position_left\"><div class=\"vc_column-inner\"><div class=\"wpb_wrapper\"><div class=\"vc_empty_space  sc_height_huge\"   style=\"height: 32px\"><span class=\"vc_empty_space_inner\"><\/span><\/div><div id=\"sc_title_1648663474\"\r\n\t\tclass=\"sc_title sc_title_default\"><h2 class=\"sc_item_title sc_title_title sc_align_left sc_item_title_style_default\">Kaliteli ve Temiz \u0130\u015f\u00e7ilik, G\u00fcvenilir Hizmet, Do\u011fru Fiyat!<\/h2><\/div><!-- \/.sc_title --><\/div><\/div><\/div><\/div><div class=\"vc_row wpb_row vc_row-fluid shape_divider_top-none shape_divider_bottom-none\"><div class=\"wpb_column vc_column_container vc_col-sm-12 sc_layouts_column_icons_position_left\"><div class=\"vc_column-inner\"><div class=\"wpb_wrapper\"><div class=\"vc_empty_space  sc_height_medium\"   style=\"height: 32px\"><span class=\"vc_empty_space_inner\"><\/span><\/div><\/div><\/div><\/div><div class=\"wpb_column vc_column_container vc_col-sm-12 vc_col-md-3 sc_layouts_column_icons_position_left\"><div class=\"vc_column-inner\"><div class=\"wpb_wrapper\"><div id=\"sc_title_1372223649\"\r\n\t\tclass=\"sc_title sc_title_default  vc_custom_1665110094561\"><div class=\"sc_item_descr sc_title_descr sc_align_left\"><p>\u0130n\u015faat \u0130htiya\u00e7lar\u0131n\u0131z Ne Olursa Olsun \u0130\u015finizi Ustal\u0131kla Tamaml\u0131yoruz. Bize Hemen Ula\u015f\u0131n. Aky\u00fcz Yap\u0131 Dekor Deneyimli ve Bilgili Y\u00fcklenicilere Sahiptir. Al\u00e7\u0131pan, al\u00e7\u0131, boya, asma tavan b\u00f6lme duvar, gizli \u0131\u015f\u0131k, tamirat tadilat i\u015flerinizde her zaman g\u00fcvenebilece\u011finiz profesyonel ekibimizle t\u00fcm ihtiya\u00e7lar\u0131n\u0131z\u0131 kaliteli i\u015f\u00e7ilik ve do\u011fru fiyat politikam\u0131zla ger\u00e7ekle\u015ftiriyoruz.<\/p>\n<\/div><div class=\"sc_item_button sc_button_wrap sc_align_left\"><a href=\"\/\/akyuzyapidekor.com\/en\/our-services\/\" id=\"sc_button_1783453651\" class=\"sc_button sc_button_simple sc_item_button sc_item_button_simple sc_title_button sc_button_size_normal sc_button_icon_left\"><span class=\"sc_button_text\"><span class=\"sc_button_title\">Daha fazla bilgi<\/span><\/span><!-- \/.sc_button_text --><\/a><!-- \/.sc_button --><\/div><!-- \/.sc_item_button --><\/div><!-- \/.sc_title --><\/div><\/div><\/div><div class=\"wpb_column vc_column_container vc_col-sm-12 vc_col-md-9 sc_layouts_column_icons_position_left\"><div class=\"vc_column-inner\"><div class=\"wpb_wrapper\"><div id=\"sc_content_1815117012\"\r\n\t\tclass=\"sc_content sc_content_bordered sc_float_center sc_padding_medium\"><h6 class=\"sc_item_subtitle sc_content_subtitle sc_align_right sc_item_title_style_default\">Fark\u0131m\u0131z<\/h6><div class=\"sc_content_container\"><div class=\"vc_row wpb_row vc_inner vc_row-fluid vc_row-o-content-top vc_row-flex shape_divider_top-none shape_divider_bottom-none\"><div class=\"wpb_column vc_column_container vc_col-sm-6 sc_layouts_column_icons_position_left\"><div class=\"vc_column-inner\"><div class=\"wpb_wrapper\">\n\t<div class=\"wpb_text_column wpb_content_element  vc_custom_1665109963289\" >\n\t\t<div class=\"wpb_wrapper\">\n\t\t\t<ul class=\"trx_addons_list trx_addons_list_arrow\">\n<li>Kaliteli Malzeme<\/li>\n<li>Kaliteli \u0130\u015f\u00e7ilik<\/li>\n<li>Do\u011frudan \u0130leti\u015fim<\/li>\n<li>Do\u011fru Fiyat<\/li>\n<\/ul>\n\n\t\t<\/div>\n\t<\/div>\n<\/div><\/div><\/div><div class=\"wpb_column vc_column_container vc_col-sm-6 sc_shift_x_small sc_layouts_column_icons_position_left\"><div class=\"vc_column-inner\"><div class=\"wpb_wrapper\">\n\t<div class=\"wpb_text_column wpb_content_element\" >\n\t\t<div class=\"wpb_wrapper\">\n\t\t\t<ul class=\"trx_addons_list trx_addons_list_arrow\">\n<li>En k\u0131sa s\u00fcrede teslim<\/li>\n<li>Do\u011fru malzeme<\/li>\n<li>Profesyonel Ekip<\/li>\n<li>Kusursuz Sonu\u00e7lar<\/li>\n<\/ul>\n\n\t\t<\/div>\n\t<\/div>\n<\/div><\/div><\/div><\/div><\/div><\/div><!-- \/.sc_content --><\/div><\/div><\/div><div class=\"wpb_column vc_column_container vc_col-sm-12 sc_layouts_column_icons_position_left\"><div class=\"vc_column-inner\"><div class=\"wpb_wrapper\"><div class=\"vc_empty_space  sc_height_huge\"   style=\"height: 32px\"><span class=\"vc_empty_space_inner\"><\/span><\/div><\/div><\/div><\/div><\/div><div data-vc-full-width=\"true\" data-vc-full-width-init=\"false\" class=\"vc_row wpb_row vc_row-fluid vc_custom_1526391528742 vc_row-has-fill shape_divider_top-none shape_divider_bottom-none\"><div class=\"wpb_column vc_column_container vc_col-sm-2 sc_layouts_column_icons_position_left\"><div class=\"vc_column-inner\"><div class=\"wpb_wrapper\"><\/div><\/div><\/div><div class=\"wpb_column vc_column_container vc_col-sm-12 vc_col-md-8 sc_layouts_column_icons_position_left\"><div class=\"vc_column-inner\"><div class=\"wpb_wrapper\"><div class=\"vc_empty_space  sc_height_huge\"   style=\"height: 32px\"><span class=\"vc_empty_space_inner\"><\/span><\/div><div id=\"sc_title_394501164\"\r\n\t\tclass=\"sc_title scheme_dark sc_title_default\"><h2 class=\"sc_item_title sc_title_title sc_align_center sc_item_title_style_default\">S\u0131k\u00e7a Sorulan Sorular<\/h2><\/div><!-- \/.sc_title --><div class=\"vc_empty_space\"   style=\"height: 3.3rem\"><span class=\"vc_empty_space_inner\"><\/span><\/div><div class=\"vc_tta-container\" data-vc-action=\"collapse\"><div class=\"vc_general vc_tta vc_tta-accordion vc_tta-color-grey vc_tta-style-classic vc_tta-shape-rounded vc_tta-o-shape-group vc_tta-controls-align-left\"><div class=\"vc_tta-panels-container\"><div class=\"vc_tta-panels\"><div class=\"vc_tta-panel\" id=\"1526388964812-b325d958-5d22\" data-vc-content=\".vc_tta-panel-body\"><div class=\"vc_tta-panel-heading\"><h4 class=\"vc_tta-panel-title vc_tta-controls-icon-position-right\"><a href=\"#1526388964812-b325d958-5d22\" data-vc-accordion data-vc-container=\".vc_tta-container\"><span class=\"vc_tta-title-text\">Ke\u015fif i\u00e7in \u00fccret \u00f6deyecek miyim?<\/span><i class=\"vc_tta-controls-icon vc_tta-controls-icon-chevron\"><\/i><\/a><\/h4><\/div><div class=\"vc_tta-panel-body\">\n\t<div class=\"wpb_text_column wpb_content_element\" >\n\t\t<div class=\"wpb_wrapper\">\n\t\t\t<p>Hay\u0131r ke\u015fif ve fiyat almak i\u00e7in \u00fccret \u00f6demezsiniz. Yerinde ke\u015fif yap\u0131ld\u0131ktan sonra fiyat teklifini onaylaman\u0131z durumunda sadece alaca\u011f\u0131n\u0131z hizmetler i\u00e7in \u00f6deme yapar ek s\u00fcrprizlerle kar\u015f\u0131la\u015fmazs\u0131n\u0131z.<\/p>\n\n\t\t<\/div>\n\t<\/div>\n<\/div><\/div><div class=\"vc_tta-panel\" id=\"1526388964854-3675ea7c-cae2\" data-vc-content=\".vc_tta-panel-body\"><div class=\"vc_tta-panel-heading\"><h4 class=\"vc_tta-panel-title vc_tta-controls-icon-position-right\"><a href=\"#1526388964854-3675ea7c-cae2\" data-vc-accordion data-vc-container=\".vc_tta-container\"><span class=\"vc_tta-title-text\">Boya veya k\u00fc\u00e7\u00fck onar\u0131m hizmeti veriyor muyuz?<\/span><i class=\"vc_tta-controls-icon vc_tta-controls-icon-chevron\"><\/i><\/a><\/h4><\/div><div class=\"vc_tta-panel-body\">\n\t<div class=\"wpb_text_column wpb_content_element\" >\n\t\t<div class=\"wpb_wrapper\">\n\t\t\t<p>Evet, k\u00fc\u00e7\u00fck onar\u0131m boya mini-tadilat ve benzeri hizmetleri sunuyoruz.<\/p>\n\n\t\t<\/div>\n\t<\/div>\n<\/div><\/div><div class=\"vc_tta-panel\" id=\"1526389025206-450c5f2e-d770\" data-vc-content=\".vc_tta-panel-body\"><div class=\"vc_tta-panel-heading\"><h4 class=\"vc_tta-panel-title vc_tta-controls-icon-position-right\"><a href=\"#1526389025206-450c5f2e-d770\" data-vc-accordion data-vc-container=\".vc_tta-container\"><span class=\"vc_tta-title-text\">Yap\u0131lacak i\u015fle ilgili (do\u011fru malzeme se\u00e7imi, alternatif \u00e7\u00f6z\u00fcmler gibi) \u00f6nerilerde bulunuyor musunuz?<\/span><i class=\"vc_tta-controls-icon vc_tta-controls-icon-chevron\"><\/i><\/a><\/h4><\/div><div class=\"vc_tta-panel-body\">\n\t<div class=\"wpb_text_column wpb_content_element\" >\n\t\t<div class=\"wpb_wrapper\">\n\t\t\t<p>Kesinlikle evet! Ya\u015fam alanlar\u0131n\u0131za de\u011fer katacak her t\u00fcrl\u00fc \u00f6neride bulunuyor, sizin istek ve \u00f6nerilerinizi dikkate al\u0131yor ve\u00a0 ald\u0131\u011f\u0131n\u0131z hizmet\/ hizmetler ile ilgili sorun yamamaman\u0131z i\u00e7in size en do\u011fru \u00e7\u00f6z\u00fcmleri sunuyoruz.<\/p>\n\n\t\t<\/div>\n\t<\/div>\n<\/div><\/div><\/div><\/div><\/div><\/div><div class=\"vc_empty_space  sc_height_medium\"   style=\"height: 32px\"><span class=\"vc_empty_space_inner\"><\/span><\/div><div class=\"sc_item_button sc_button_wrap sc_align_center\"><a href=\"\/\/akyuzyapidekor.com\/en\/iletisim\/\" id=\"sc_button_77593937\" class=\"sc_button sc_button_default sc_button_size_normal sc_button_icon_left\"><span class=\"sc_button_text\"><span class=\"sc_button_title\">Ba\u015fka sorunuz mu var? Bize Yaz\u0131n<\/span><\/span><!-- \/.sc_button_text --><\/a><!-- \/.sc_button --><\/div><!-- \/.sc_item_button --><div class=\"vc_empty_space  sc_height_huge\"   style=\"height: 32px\"><span class=\"vc_empty_space_inner\"><\/span><\/div><\/div><\/div><\/div><div class=\"wpb_column vc_column_container vc_col-sm-2 sc_layouts_column_icons_position_left\"><div class=\"vc_column-inner\"><div class=\"wpb_wrapper\"><\/div><\/div><\/div><\/div><div class=\"vc_row-full-width vc_clearfix\"><\/div>","protected":false},"excerpt":{"rendered":"Ya\u015fam Alanlar\u0131n\u0131za De\u011fer Kat\u0131yoruzHer ge\u00e7en g\u00fcn ya\u015fam alanlar\u0131n\u0131z\u0131n artan onar\u0131m tadilat ve yenileme ihtiya\u00e7lar\u0131n\u0131z i\u00e7in, t\u00fcm bu i\u015fleri sizin i\u00e7in do\u011fru fiyata en h\u0131zl\u0131 \u015fekilde kar\u015f\u0131layaca\u011f\u0131m\u0131z\u0131 biliyoruz. Dekorasyon veya onar\u0131m ama\u00e7l\u0131 olsun t\u00fcm tamirat tadilat veya yenileme i\u015fleriniz i\u00e7in ideal olarak yap\u0131land\u0131r\u0131lm\u0131\u015f hizmetimiz, size m\u00fckemmel sonu\u00e7lar sunarak ya\u015fam alanlar\u0131n\u0131za de\u011fer katar... \u0130leti\u015fim Bilgilerimiz Kaliteli ve Temiz \u0130\u015f\u00e7ilik, G\u00fcvenilir Hizmet, Do\u011fru Fiyat!\u0130n\u015faat \u0130htiya\u00e7lar\u0131n\u0131z Ne Olursa Olsun \u0130\u015finizi Ustal\u0131kla Tamaml\u0131yoruz. Bize Hemen Ula\u015f\u0131n. Aky\u00fcz Yap\u0131 Dekor Deneyimli ve Bilgili Y\u00fcklenicilere Sahiptir. Al\u00e7\u0131pan, al\u00e7\u0131, boya, asma tavan b\u00f6lme duvar, gizli \u0131\u015f\u0131k, tamirat tadilat i\u015flerinizde her zaman g\u00fcvenebilece\u011finiz profesyonel ekibimizle t\u00fcm ihtiya\u00e7lar\u0131n\u0131z\u0131 kaliteli i\u015f\u00e7ilik&hellip;","protected":false},"author":1,"featured_media":0,"parent":0,"menu_order":0,"comment_status":"closed","ping_status":"closed","template":"","meta":[],"_links":{"self":[{"href":"https:\/\/akyuzyapidekor.com\/en\/wp-json\/wp\/v2\/pages\/35"}],"collection":[{"href":"https:\/\/akyuzyapidekor.com\/en\/wp-json\/wp\/v2\/pages"}],"about":[{"href":"https:\/\/akyuzyapidekor.com\/en\/wp-json\/wp\/v2\/types\/page"}],"author":[{"embeddable":true,"href":"https:\/\/akyuzyapidekor.com\/en\/wp-json\/wp\/v2\/users\/1"}],"replies":[{"embeddable":true,"href":"https:\/\/akyuzyapidekor.com\/en\/wp-json\/wp\/v2\/comments?post=35"}],"version-history":[{"count":8,"href":"https:\/\/akyuzyapidekor.com\/en\/wp-json\/wp\/v2\/pages\/35\/revisions"}],"predecessor-version":[{"id":946,"href":"https:\/\/akyuzyapidekor.com\/en\/wp-json\/wp\/v2\/pages\/35\/revisions\/946"}],"wp:attachment":[{"href":"https:\/\/akyuzyapidekor.com\/en\/wp-json\/wp\/v2\/media?parent=35"}],"curies":[{"name":"wp","href":"https:\/\/api.w.org\/{rel}","templated":true}]}}